{"id":40,"date":"2023-11-16T03:28:55","date_gmt":"2023-11-16T03:28:55","guid":{"rendered":"https:\/\/mecanoide.com\/?page_id=40"},"modified":"2024-01-18T00:14:42","modified_gmt":"2024-01-18T00:14:42","slug":"diseno","status":"publish","type":"page","link":"https:\/\/mecanoide.com\/index.php\/diseno\/","title":{"rendered":"Dise\u00f1o"},"content":{"rendered":"\n<figure class=\"wp-block-image size-large\"><img loading=\"lazy\" decoding=\"async\" width=\"1024\" height=\"344\" src=\"https:\/\/mecanoide.com\/wp-content\/uploads\/2024\/01\/design-1024x344.jpeg\" alt=\"\" class=\"wp-image-124\" srcset=\"https:\/\/mecanoide.com\/wp-content\/uploads\/2024\/01\/design-1024x344.jpeg 1024w, https:\/\/mecanoide.com\/wp-content\/uploads\/2024\/01\/design-300x101.jpeg 300w, https:\/\/mecanoide.com\/wp-content\/uploads\/2024\/01\/design-768x258.jpeg 768w, https:\/\/mecanoide.com\/wp-content\/uploads\/2024\/01\/design-1536x517.jpeg 1536w, https:\/\/mecanoide.com\/wp-content\/uploads\/2024\/01\/design-600x202.jpeg 600w, https:\/\/mecanoide.com\/wp-content\/uploads\/2024\/01\/design.jpeg 1980w\" sizes=\"(max-width: 1024px) 100vw, 1024px\" \/><\/figure>\n\n\n\n<p>Mecanoide nace como una empresa de dise\u00f1o mec\u00e1nico. Contamos con una amplia experiencia en la materializaci\u00f3n de ideas y conceptos. Somos especialistas en la creaci\u00f3n de prototipos que resuelven problemas espec\u00edficos con un enfoque humano, social y ambiental.<\/p>\n\n\n\n<p>Nuestro equipo est\u00e1 formado por una red de los mejores dise\u00f1adores, ingenieros y acad\u00e9micos del estado de Guanajuato.<\/p>\n\n\n\n<p><\/p>\n","protected":false},"excerpt":{"rendered":"<p>Mecanoide nace como una empresa de dise\u00f1o mec\u00e1nico. Contamos con una amplia experiencia en la materializaci\u00f3n de ideas y conceptos.<\/p>\n<p><a href=\"https:\/\/mecanoide.com\/index.php\/diseno\/\" class=\"more-link\">Continue reading<span class=\"screen-reader-text\">Dise\u00f1o<\/span><\/a><\/p>\n","protected":false},"author":1,"featured_media":0,"parent":0,"menu_order":0,"comment_status":"closed","ping_status":"closed","template":"","meta":{"om_disable_all_campaigns":false,"_monsterinsights_skip_tracking":false,"_monsterinsights_sitenote_active":false,"_monsterinsights_sitenote_note":"","_monsterinsights_sitenote_category":0,"footnotes":""},"aioseo_notices":[],"_links":{"self":[{"href":"https:\/\/mecanoide.com\/index.php\/wp-json\/wp\/v2\/pages\/40"}],"collection":[{"href":"https:\/\/mecanoide.com\/index.php\/wp-json\/wp\/v2\/pages"}],"about":[{"href":"https:\/\/mecanoide.com\/index.php\/wp-json\/wp\/v2\/types\/page"}],"author":[{"embeddable":true,"href":"https:\/\/mecanoide.com\/index.php\/wp-json\/wp\/v2\/users\/1"}],"replies":[{"embeddable":true,"href":"https:\/\/mecanoide.com\/index.php\/wp-json\/wp\/v2\/comments?post=40"}],"version-history":[{"count":2,"href":"https:\/\/mecanoide.com\/index.php\/wp-json\/wp\/v2\/pages\/40\/revisions"}],"predecessor-version":[{"id":126,"href":"https:\/\/mecanoide.com\/index.php\/wp-json\/wp\/v2\/pages\/40\/revisions\/126"}],"wp:attachment":[{"href":"https:\/\/mecanoide.com\/index.php\/wp-json\/wp\/v2\/media?parent=40"}],"curies":[{"name":"wp","href":"https:\/\/api.w.org\/{rel}","templated":true}]}}