{"id":39,"date":"2023-11-16T03:28:55","date_gmt":"2023-11-16T03:28:55","guid":{"rendered":"https:\/\/mecanoide.com\/?page_id=39"},"modified":"2024-01-17T18:07:01","modified_gmt":"2024-01-17T18:07:01","slug":"mecanoide","status":"publish","type":"page","link":"https:\/\/mecanoide.com\/","title":{"rendered":"Mecanoide Ingenier\u00eda"},"content":{"rendered":"\n<p>Mecanoide es una empresa de ingenier\u00eda mexicana que nace en la ciudad de Le\u00f3n, Guanajuato. Somos especialistas en el dise\u00f1o mec\u00e1nico, el mantenimiento de equipos e instalaciones industriales y las tecnolog\u00edas para el procesamiento de metales.<\/p>\n\n\n\n<p>Nuestro equipo est\u00e1 conformado por profesionales de las \u00e1reas: mec\u00e1nica, metal\u00fargica, el\u00e9ctrica, hidr\u00e1ulica, neum\u00e1tica y control de sistemas.<\/p>\n","protected":false},"excerpt":{"rendered":"<p>Mecanoide es una empresa de ingenier\u00eda mexicana que nace en la ciudad de Le\u00f3n, Guanajuato. Somos especialistas en el dise\u00f1o<\/p>\n<p><a href=\"https:\/\/mecanoide.com\/\" class=\"more-link\">Continue reading<span class=\"screen-reader-text\">Mecanoide Ingenier\u00eda<\/span><\/a><\/p>\n","protected":false},"author":1,"featured_media":0,"parent":0,"menu_order":0,"comment_status":"closed","ping_status":"closed","template":"","meta":{"om_disable_all_campaigns":false,"_monsterinsights_skip_tracking":false,"_monsterinsights_sitenote_active":false,"_monsterinsights_sitenote_note":"","_monsterinsights_sitenote_category":0,"footnotes":""},"aioseo_notices":[],"_links":{"self":[{"href":"https:\/\/mecanoide.com\/index.php\/wp-json\/wp\/v2\/pages\/39"}],"collection":[{"href":"https:\/\/mecanoide.com\/index.php\/wp-json\/wp\/v2\/pages"}],"about":[{"href":"https:\/\/mecanoide.com\/index.php\/wp-json\/wp\/v2\/types\/page"}],"author":[{"embeddable":true,"href":"https:\/\/mecanoide.com\/index.php\/wp-json\/wp\/v2\/users\/1"}],"replies":[{"embeddable":true,"href":"https:\/\/mecanoide.com\/index.php\/wp-json\/wp\/v2\/comments?post=39"}],"version-history":[{"count":6,"href":"https:\/\/mecanoide.com\/index.php\/wp-json\/wp\/v2\/pages\/39\/revisions"}],"predecessor-version":[{"id":118,"href":"https:\/\/mecanoide.com\/index.php\/wp-json\/wp\/v2\/pages\/39\/revisions\/118"}],"wp:attachment":[{"href":"https:\/\/mecanoide.com\/index.php\/wp-json\/wp\/v2\/media?parent=39"}],"curies":[{"name":"wp","href":"https:\/\/api.w.org\/{rel}","templated":true}]}}